{"id":174,"date":"2020-02-16T06:07:34","date_gmt":"2020-02-16T06:07:34","guid":{"rendered":"https:\/\/kanimahkam.com\/tr\/?page_id=174"},"modified":"2020-02-17T10:35:11","modified_gmt":"2020-02-17T10:35:11","slug":"bize-ulasin","status":"publish","type":"page","link":"https:\/\/kanimahkam.com\/tr\/bize-ulasin\/","title":{"rendered":"Bize Ula\u015f\u0131n"},"content":{"rendered":"<p><strong>Adres:<\/strong> Arte\u015f Otoyolu, Mehellat\u0131 Metro istasyonundan sonra, Baharan Caddesi, Nesteren Soka\u011f\u0131, Modern Plaza Kulesi, Agdesiye, Tahran, \u0130ran<\/p>\n<p>Telefon: +9821 26400015<\/p>\n<p>+9821 26400016<\/p>\n<p>+9821 26400017<\/p>\n<p>+9821 2245 6728<\/p>\n<p>E-posta: info@mahkam.com<\/p>\n<p><iframe loading=\"lazy\" style=\"border: 0;\" src=\"https:\/\/www.google.com\/maps\/embed?pb=!1m18!1m12!1m3!1d3236.059060527019!2d51.503363215262!3d35.798483380167205!2m3!1f0!2f0!3f0!3m2!1i1024!2i768!4f13.1!3m3!1m2!1s0x0%3A0x0!2zMzXCsDQ3JzU0LjUiTiA1McKwMzAnMjAuMCJF!5e0!3m2!1sen!2s!4v1563868314136!5m2!1sen!2s\" width=\"100%\" height=\"450\" frameborder=\"0\" allowfullscreen=\"allowfullscreen\"><\/iframe><\/p>\n","protected":false},"excerpt":{"rendered":"Adres: Arte\u015f Otoyolu, Mehellat\u0131 Metro istasyonundan sonra, Baharan Caddesi, Nesteren Soka\u011f\u0131, Modern Plaza Kulesi, Agdesiye, Tahran, \u0130ran Telefon: +9821 26400015 +9821 26400016 +9821 26400017 +9821 2245 6728 E-posta: info@mahkam.com","protected":false},"author":1,"featured_media":0,"parent":0,"menu_order":0,"comment_status":"closed","ping_status":"closed","template":"","meta":{"footnotes":""},"class_list":["post-174","page","type-page","status-publish","hentry"],"_links":{"self":[{"href":"https:\/\/kanimahkam.com\/tr\/wp-json\/wp\/v2\/pages\/174","targetHints":{"allow":["GET"]}}],"collection":[{"href":"https:\/\/kanimahkam.com\/tr\/wp-json\/wp\/v2\/pages"}],"about":[{"href":"https:\/\/kanimahkam.com\/tr\/wp-json\/wp\/v2\/types\/page"}],"author":[{"embeddable":true,"href":"https:\/\/kanimahkam.com\/tr\/wp-json\/wp\/v2\/users\/1"}],"replies":[{"embeddable":true,"href":"https:\/\/kanimahkam.com\/tr\/wp-json\/wp\/v2\/comments?post=174"}],"version-history":[{"count":3,"href":"https:\/\/kanimahkam.com\/tr\/wp-json\/wp\/v2\/pages\/174\/revisions"}],"predecessor-version":[{"id":193,"href":"https:\/\/kanimahkam.com\/tr\/wp-json\/wp\/v2\/pages\/174\/revisions\/193"}],"wp:attachment":[{"href":"https:\/\/kanimahkam.com\/tr\/wp-json\/wp\/v2\/media?parent=174"}],"curies":[{"name":"wp","href":"https:\/\/api.w.org\/{rel}","templated":true}]}}