{"id":171,"date":"2020-02-16T06:06:56","date_gmt":"2020-02-16T06:06:56","guid":{"rendered":"https:\/\/kanimahkam.com\/tr\/?page_id=171"},"modified":"2020-02-17T12:12:29","modified_gmt":"2020-02-17T12:12:29","slug":"katalog","status":"publish","type":"page","link":"https:\/\/kanimahkam.com\/tr\/katalog\/","title":{"rendered":"Katalog"},"content":{"rendered":"<p>Kian Kanyar Mahkam Company katalo\u011funu indirmek i\u00e7in <a href=\".\/..\/wp-content\/uploads\/sites\/2\/2019\/12\/catalogue.pdf\">t\u0131klay\u0131n\u0131z<\/a>.<\/p>\n","protected":false},"excerpt":{"rendered":"Kian Kanyar Mahkam Company katalo\u011funu indirmek i\u00e7in t\u0131klay\u0131n\u0131z.","protected":false},"author":1,"featured_media":0,"parent":0,"menu_order":0,"comment_status":"closed","ping_status":"closed","template":"","meta":{"footnotes":""},"class_list":["post-171","page","type-page","status-publish","hentry"],"_links":{"self":[{"href":"https:\/\/kanimahkam.com\/tr\/wp-json\/wp\/v2\/pages\/171","targetHints":{"allow":["GET"]}}],"collection":[{"href":"https:\/\/kanimahkam.com\/tr\/wp-json\/wp\/v2\/pages"}],"about":[{"href":"https:\/\/kanimahkam.com\/tr\/wp-json\/wp\/v2\/types\/page"}],"author":[{"embeddable":true,"href":"https:\/\/kanimahkam.com\/tr\/wp-json\/wp\/v2\/users\/1"}],"replies":[{"embeddable":true,"href":"https:\/\/kanimahkam.com\/tr\/wp-json\/wp\/v2\/comments?post=171"}],"version-history":[{"count":4,"href":"https:\/\/kanimahkam.com\/tr\/wp-json\/wp\/v2\/pages\/171\/revisions"}],"predecessor-version":[{"id":205,"href":"https:\/\/kanimahkam.com\/tr\/wp-json\/wp\/v2\/pages\/171\/revisions\/205"}],"wp:attachment":[{"href":"https:\/\/kanimahkam.com\/tr\/wp-json\/wp\/v2\/media?parent=171"}],"curies":[{"name":"wp","href":"https:\/\/api.w.org\/{rel}","templated":true}]}}