{"id":164,"date":"2020-02-16T06:05:33","date_gmt":"2020-02-16T06:05:33","guid":{"rendered":"https:\/\/kanimahkam.com\/tr\/?page_id=164"},"modified":"2020-02-16T13:10:49","modified_gmt":"2020-02-16T13:10:49","slug":"ihracat","status":"publish","type":"page","link":"https:\/\/kanimahkam.com\/tr\/ihracat\/","title":{"rendered":"ihracat"},"content":{"rendered":"<p>\u00c7e\u015fitli renk ve desenlerde mermer ihracat\u0131, petrol d\u0131\u015f\u0131 ihracat olarak kabul edilebilecek en \u00f6nemli tedbirlerden biridir. \u0130ran&#8217;da bir\u00e7ok merm madeni var. Bu sebeple \u0130ran, mermerin en iyi ihracat\u00e7\u0131s\u0131 olarak tan\u0131mlanabilir, ihracat i\u00e7in olan mermer ta\u015f\u0131 uluslararas\u0131 standartlara uygun olarak y\u00fcksek kalitede \u00e7\u0131kar\u0131lmal\u0131 ve i\u015flenmelidir. \u0130ran, d\u00fcnyan\u0131n en b\u00fcy\u00fck s\u00fcs ta\u015f\u0131 deposuna sahiptir ve d\u00fcnyada granit, traverten ve mermer \u00fcretimi ile tan\u0131nmaktad\u0131r. \u0130ran ayr\u0131ca yap\u0131 ve dekoratif ta\u015flarda d\u00fcnyada d\u00f6rd\u00fcnc\u00fc s\u0131ras\u0131nda yer almaktad\u0131r, ancak yap\u0131 ta\u015flar\u0131n\u0131n kalitesi, rengi ve \u00e7e\u015fitlili\u011fi a\u00e7\u0131s\u0131ndan ilk s\u0131radad\u0131r.<\/p>\n<p>Maden kapasitesi: 1300000 ton<\/p>\n<p>Ortalama ayl\u0131k \u00fcretim: 3000 ton<\/p>\n<p>Aktif kanal: 4<\/p>\n<p>\u0130hracat\u0131 olan \u00fclkeler: 10<\/p>\n","protected":false},"excerpt":{"rendered":"\u00c7e\u015fitli renk ve desenlerde mermer ihracat\u0131, petrol d\u0131\u015f\u0131 ihracat olarak kabul edilebilecek en \u00f6nemli tedbirlerden biridir. \u0130ran&#8217;da bir\u00e7ok merm madeni var. Bu sebeple \u0130ran, mermerin en iyi ihracat\u00e7\u0131s\u0131 olarak tan\u0131mlanabilir, ihracat i\u00e7in olan mermer ta\u015f\u0131 uluslararas\u0131 standartlara uygun olarak y\u00fcksek kalitede \u00e7\u0131kar\u0131lmal\u0131 ve i\u015flenmelidir. \u0130ran, d\u00fcnyan\u0131n en b\u00fcy\u00fck s\u00fcs ta\u015f\u0131 deposuna sahiptir ve d\u00fcnyada granit,","protected":false},"author":1,"featured_media":0,"parent":0,"menu_order":0,"comment_status":"closed","ping_status":"closed","template":"","meta":{"footnotes":""},"class_list":["post-164","page","type-page","status-publish","hentry"],"_links":{"self":[{"href":"https:\/\/kanimahkam.com\/tr\/wp-json\/wp\/v2\/pages\/164","targetHints":{"allow":["GET"]}}],"collection":[{"href":"https:\/\/kanimahkam.com\/tr\/wp-json\/wp\/v2\/pages"}],"about":[{"href":"https:\/\/kanimahkam.com\/tr\/wp-json\/wp\/v2\/types\/page"}],"author":[{"embeddable":true,"href":"https:\/\/kanimahkam.com\/tr\/wp-json\/wp\/v2\/users\/1"}],"replies":[{"embeddable":true,"href":"https:\/\/kanimahkam.com\/tr\/wp-json\/wp\/v2\/comments?post=164"}],"version-history":[{"count":2,"href":"https:\/\/kanimahkam.com\/tr\/wp-json\/wp\/v2\/pages\/164\/revisions"}],"predecessor-version":[{"id":187,"href":"https:\/\/kanimahkam.com\/tr\/wp-json\/wp\/v2\/pages\/164\/revisions\/187"}],"wp:attachment":[{"href":"https:\/\/kanimahkam.com\/tr\/wp-json\/wp\/v2\/media?parent=164"}],"curies":[{"name":"wp","href":"https:\/\/api.w.org\/{rel}","templated":true}]}}