{"id":159,"date":"2020-02-16T06:04:11","date_gmt":"2020-02-16T06:04:11","guid":{"rendered":"https:\/\/kanimahkam.com\/tr\/?page_id=159"},"modified":"2020-02-19T11:31:15","modified_gmt":"2020-02-19T11:31:15","slug":"brazen-mahkam-tasi","status":"publish","type":"page","link":"https:\/\/kanimahkam.com\/tr\/brazen-mahkam-tasi\/","title":{"rendered":"Brazen Mahkam ta\u015f\u0131"},"content":{"rendered":"<p>Bu ta\u015f, dalga veya damar \u015feklinde g\u00f6r\u00fclen a\u00e7\u0131k gri ve krem \u00e7izgilere ve a\u00e7\u0131k gri ve krem rengine sahiptir. Bu \u00e7izgiler ta\u015f y\u00fczeyinde bir \u00f6r\u00fcmcek a\u011f\u0131 gibi yay\u0131lm\u0131\u015ft\u0131r. Mehkam\u2019\u0131n brazen ta\u015f\u0131n\u0131n y\u00fcksek a\u015f\u0131nma direnci, inceli\u011fi, \u015feffafl\u0131\u011f\u0131, tasar\u0131m\u0131 ve g\u00fczel nak\u0131\u015flar\u0131 her zaman mimarlar ve tasar\u0131mc\u0131lar\u0131n ilgisini \u00e7ekmi\u015ftir.<\/p>\n<p>&nbsp;<\/p>\n<div class=\"col-md-6 col-xs-12\"><img decoding=\"async\" class=\"alignnone size-full wp-image-253\" src=\"http:\/\/kanimahkam.com\/wp-content\/uploads\/Untitled-3copy-copie.jpg\" alt=\"\" \/><\/div>\n<div class=\"col-md-6 col-xs-12\"><img decoding=\"async\" class=\"alignnone size-full wp-image-63\" src=\".\/..\/wp-content\/uploads\/berazen.jpg\" alt=\"\" \/><\/div>\n<div><\/div>\n<div class=\"col-md-12 col-xs-12\" style=\"margin-top: 30px;\">\n","protected":false},"excerpt":{"rendered":"Bu ta\u015f, dalga veya damar \u015feklinde g\u00f6r\u00fclen a\u00e7\u0131k gri ve krem \u00e7izgilere ve a\u00e7\u0131k gri ve krem rengine sahiptir. Bu \u00e7izgiler ta\u015f y\u00fczeyinde bir \u00f6r\u00fcmcek a\u011f\u0131 gibi yay\u0131lm\u0131\u015ft\u0131r. Mehkam\u2019\u0131n brazen ta\u015f\u0131n\u0131n y\u00fcksek a\u015f\u0131nma direnci, inceli\u011fi, \u015feffafl\u0131\u011f\u0131, tasar\u0131m\u0131 ve g\u00fczel nak\u0131\u015flar\u0131 her zaman mimarlar ve tasar\u0131mc\u0131lar\u0131n ilgisini \u00e7ekmi\u015ftir. &nbsp;","protected":false},"author":1,"featured_media":0,"parent":0,"menu_order":0,"comment_status":"closed","ping_status":"closed","template":"","meta":{"footnotes":""},"class_list":["post-159","page","type-page","status-publish","hentry"],"_links":{"self":[{"href":"https:\/\/kanimahkam.com\/tr\/wp-json\/wp\/v2\/pages\/159","targetHints":{"allow":["GET"]}}],"collection":[{"href":"https:\/\/kanimahkam.com\/tr\/wp-json\/wp\/v2\/pages"}],"about":[{"href":"https:\/\/kanimahkam.com\/tr\/wp-json\/wp\/v2\/types\/page"}],"author":[{"embeddable":true,"href":"https:\/\/kanimahkam.com\/tr\/wp-json\/wp\/v2\/users\/1"}],"replies":[{"embeddable":true,"href":"https:\/\/kanimahkam.com\/tr\/wp-json\/wp\/v2\/comments?post=159"}],"version-history":[{"count":3,"href":"https:\/\/kanimahkam.com\/tr\/wp-json\/wp\/v2\/pages\/159\/revisions"}],"predecessor-version":[{"id":209,"href":"https:\/\/kanimahkam.com\/tr\/wp-json\/wp\/v2\/pages\/159\/revisions\/209"}],"wp:attachment":[{"href":"https:\/\/kanimahkam.com\/tr\/wp-json\/wp\/v2\/media?parent=159"}],"curies":[{"name":"wp","href":"https:\/\/api.w.org\/{rel}","templated":true}]}}