{"id":156,"date":"2020-02-16T06:03:01","date_gmt":"2020-02-16T06:03:01","guid":{"rendered":"https:\/\/kanimahkam.com\/tr\/?page_id=156"},"modified":"2020-02-19T11:33:36","modified_gmt":"2020-02-19T11:33:36","slug":"bronz-mahkam-tasi","status":"publish","type":"page","link":"https:\/\/kanimahkam.com\/tr\/bronz-mahkam-tasi\/","title":{"rendered":"Bronz Mahkam Ta\u015f\u0131"},"content":{"rendered":"<p>Bu ta\u015f, dalga veya damar \u015feklinde g\u00f6r\u00fclen alt\u0131n \u00e7izgilere ve g\u00fczel bir bronz renge sahiptir. Bu \u00e7izgiler ta\u015f y\u00fczeyinde bir \u00f6r\u00fcmcek a\u011f\u0131 gibi yay\u0131lm\u0131\u015ft\u0131r. Mehkam Bronz Ta\u015f\u0131n\u0131n y\u00fcksek a\u015f\u0131nma direnci, inceli\u011fi, \u015feffafl\u0131\u011f\u0131, tasar\u0131m\u0131 ve g\u00fczel nak\u0131\u015flar\u0131 her zaman mimarlar ve tasar\u0131mc\u0131lar\u0131n ilgisini \u00e7ekmi\u015ftir.<\/p>\n<p>&nbsp;<\/p>\n<div class=\"col-md-6 col-xs-12\"><img decoding=\"async\" class=\"alignnone size-full wp-image-255\" src=\"http:\/\/kanimahkam.com\/wp-content\/uploads\/Untitled-17copy-copie-2.jpg\" alt=\"\" \/><\/div>\n<div class=\"col-md-6 col-xs-12\"><img decoding=\"async\" class=\"alignnone size-full wp-image-63\" src=\".\/..\/wp-content\/uploads\/bronz.jpg\" alt=\"\" \/><\/div>\n<div><\/div>\n<div class=\"col-md-12 col-xs-12\" style=\"margin-top: 30px;\"><\/div>\n","protected":false},"excerpt":{"rendered":"Bu ta\u015f, dalga veya damar \u015feklinde g\u00f6r\u00fclen alt\u0131n \u00e7izgilere ve g\u00fczel bir bronz renge sahiptir. Bu \u00e7izgiler ta\u015f y\u00fczeyinde bir \u00f6r\u00fcmcek a\u011f\u0131 gibi yay\u0131lm\u0131\u015ft\u0131r. Mehkam Bronz Ta\u015f\u0131n\u0131n y\u00fcksek a\u015f\u0131nma direnci, inceli\u011fi, \u015feffafl\u0131\u011f\u0131, tasar\u0131m\u0131 ve g\u00fczel nak\u0131\u015flar\u0131 her zaman mimarlar ve tasar\u0131mc\u0131lar\u0131n ilgisini \u00e7ekmi\u015ftir. &nbsp;","protected":false},"author":1,"featured_media":0,"parent":0,"menu_order":0,"comment_status":"closed","ping_status":"closed","template":"","meta":{"footnotes":""},"class_list":["post-156","page","type-page","status-publish","hentry"],"_links":{"self":[{"href":"https:\/\/kanimahkam.com\/tr\/wp-json\/wp\/v2\/pages\/156","targetHints":{"allow":["GET"]}}],"collection":[{"href":"https:\/\/kanimahkam.com\/tr\/wp-json\/wp\/v2\/pages"}],"about":[{"href":"https:\/\/kanimahkam.com\/tr\/wp-json\/wp\/v2\/types\/page"}],"author":[{"embeddable":true,"href":"https:\/\/kanimahkam.com\/tr\/wp-json\/wp\/v2\/users\/1"}],"replies":[{"embeddable":true,"href":"https:\/\/kanimahkam.com\/tr\/wp-json\/wp\/v2\/comments?post=156"}],"version-history":[{"count":3,"href":"https:\/\/kanimahkam.com\/tr\/wp-json\/wp\/v2\/pages\/156\/revisions"}],"predecessor-version":[{"id":211,"href":"https:\/\/kanimahkam.com\/tr\/wp-json\/wp\/v2\/pages\/156\/revisions\/211"}],"wp:attachment":[{"href":"https:\/\/kanimahkam.com\/tr\/wp-json\/wp\/v2\/media?parent=156"}],"curies":[{"name":"wp","href":"https:\/\/api.w.org\/{rel}","templated":true}]}}