{"id":147,"date":"2020-02-16T05:59:53","date_gmt":"2020-02-16T05:59:53","guid":{"rendered":"https:\/\/kanimahkam.com\/tr\/?page_id=147"},"modified":"2020-02-16T13:28:30","modified_gmt":"2020-02-16T13:28:30","slug":"urun","status":"publish","type":"page","link":"https:\/\/kanimahkam.com\/tr\/urun\/","title":{"rendered":"\u00fcr\u00fcn"},"content":{"rendered":"<p>Mehkam mermerinin dayan\u0131kl\u0131l\u0131\u011f\u0131, uygun kalitesi, \u00e7ekici ve g\u00fczel renkleri Asya, Avrupa ve Amerika \u00fclkelerinin farkl\u0131 zevklerine ve k\u00fclt\u00fcrlerine hitap etmektedir. Mermer, d\u00fc\u015f\u00fck su emme ve y\u00fcksek a\u015f\u0131nma direncine sahiptir ve benzersiz kahverengi renk skalas\u0131 nedeniyle \u00c7in, Rusya, \u0130talya, T\u00fcrkiye, Hindistan, G\u00fcrcistan, BAE, Kazakistan, Katar, Umman ve Irak gibi d\u0131\u015f pazarlarda en pop\u00fcler mermerlerden biridir.<\/p>\n<p>Mehkam mermerinin yayg\u0131n bir \u015fekilde kabul g\u00f6rmesinin nedenlerinden biri \u00f6zel arka plan rengidir ki \u015feffaf ve belirgin kahverengindedir. Y\u00fcksek a\u015f\u0131nma direnci, zay\u0131f su emme, donma ve ate\u015fe kar\u015f\u0131 y\u00fcksek direnci, uzun ya\u015fam s\u00fcreci ve dayan\u0131kl\u0131l\u0131\u011f\u0131 binan\u0131n i\u00e7 mekan kullan\u0131m\u0131 i\u00e7in \u00f6nemli avantajlard\u0131r. Mehkam mermeri d\u00f6rt renkte mevcuttur: koyu kahverengi, a\u00e7\u0131k kahverengi, bronz ve brazendir. E\u015fsiz kahverengi nedeniyle Mehkam Mermeri, i\u00e7 ve d\u0131\u015f pazarlarda en pop\u00fcler mermer ta\u015flardan biridir ve Ki\u015f ikiz kuleleri ve l\u00fcks binalar da dahil olmak \u00fczere \u00fclkedeki marka binalar\u0131n\u0131n \u00e7o\u011funda bu ta\u015f\u0131 kullan\u0131lmaktad\u0131r.<\/p>\n","protected":false},"excerpt":{"rendered":"Mehkam mermerinin dayan\u0131kl\u0131l\u0131\u011f\u0131, uygun kalitesi, \u00e7ekici ve g\u00fczel renkleri Asya, Avrupa ve Amerika \u00fclkelerinin farkl\u0131 zevklerine ve k\u00fclt\u00fcrlerine hitap etmektedir. Mermer, d\u00fc\u015f\u00fck su emme ve y\u00fcksek a\u015f\u0131nma direncine sahiptir ve benzersiz kahverengi renk skalas\u0131 nedeniyle \u00c7in, Rusya, \u0130talya, T\u00fcrkiye, Hindistan, G\u00fcrcistan, BAE, Kazakistan, Katar, Umman ve Irak gibi d\u0131\u015f pazarlarda en pop\u00fcler mermerlerden biridir. Mehkam","protected":false},"author":1,"featured_media":0,"parent":0,"menu_order":0,"comment_status":"closed","ping_status":"closed","template":"","meta":{"footnotes":""},"class_list":["post-147","page","type-page","status-publish","hentry"],"_links":{"self":[{"href":"https:\/\/kanimahkam.com\/tr\/wp-json\/wp\/v2\/pages\/147","targetHints":{"allow":["GET"]}}],"collection":[{"href":"https:\/\/kanimahkam.com\/tr\/wp-json\/wp\/v2\/pages"}],"about":[{"href":"https:\/\/kanimahkam.com\/tr\/wp-json\/wp\/v2\/types\/page"}],"author":[{"embeddable":true,"href":"https:\/\/kanimahkam.com\/tr\/wp-json\/wp\/v2\/users\/1"}],"replies":[{"embeddable":true,"href":"https:\/\/kanimahkam.com\/tr\/wp-json\/wp\/v2\/comments?post=147"}],"version-history":[{"count":2,"href":"https:\/\/kanimahkam.com\/tr\/wp-json\/wp\/v2\/pages\/147\/revisions"}],"predecessor-version":[{"id":190,"href":"https:\/\/kanimahkam.com\/tr\/wp-json\/wp\/v2\/pages\/147\/revisions\/190"}],"wp:attachment":[{"href":"https:\/\/kanimahkam.com\/tr\/wp-json\/wp\/v2\/media?parent=147"}],"curies":[{"name":"wp","href":"https:\/\/api.w.org\/{rel}","templated":true}]}}