{"id":144,"date":"2020-02-16T05:57:06","date_gmt":"2020-02-16T05:57:06","guid":{"rendered":"https:\/\/kanimahkam.com\/tr\/?page_id=144"},"modified":"2020-02-16T13:23:38","modified_gmt":"2020-02-16T13:23:38","slug":"hakkimizda","status":"publish","type":"page","link":"https:\/\/kanimahkam.com\/tr\/hakkimizda\/","title":{"rendered":"Hakk\u0131m\u0131zda"},"content":{"rendered":"<p>Kiyan Kanyar Mehkam \u015e ki Mehkam Madeninin i\u015fletmecisidir, 2016 y\u0131l\u0131nda 1300000 Ton depo ile ta\u015f mermerit ta\u015f\u0131 ke\u015ffi ve ekstraksiyonu hedefiyle i\u015fe ba\u015flad\u0131. Mehkam Madeni \u0130sfahan il, ve Hur ve Biyababek kasabalar\u0131n\u0131n yak\u0131nlar\u0131nda bulunmaktad\u0131r. Bu \u015firket, Madencilik sekt\u00f6r\u00fcnde, \u00f6zellikle dekoratif ta\u015flarda zengin bir ge\u00e7mi\u015fe sahip olan ilk ve tek sert mermer kahverengi ta\u015f i\u015fletmecisi olan \u015firket,tir ve \u00a0\u00fclkedeki en b\u00fcy\u00fck s\u00fcs ta\u015f\u0131 \u00fcreticilerinden biri haline gelmi\u015ftir ve her y\u0131l yerli ve yabanc\u0131 pazarlarda yap\u0131 ta\u015flar\u0131n\u0131n b\u00fcy\u00fck tedarik\u00e7ileri aras\u0131nda yer almaktad\u0131r. Kiyan Kanyar Mehkam \u015eirketi, modern bilim alan\u0131nda deneyimli kadrosu ve uzmanlar\u0131 ile ve en son teknoloji, ekstraksiyon y\u00f6ntemlerini ve makineleri ve en modern kesme makinelerini kullanarak, uluslararas\u0131 ta\u015f standartlar\u0131na uyumludur ve bu alanda tarz sahibi olan bir \u015firket haline gelmi\u015ftir. Ayr\u0131ca prestijli yabanc\u0131 sergilerde etkin bir \u015fekilde yer alarak, Basra K\u00f6rfezi \u00fclkeleri, \u00c7in, Do\u011fu Asya, Rusya, Avrupa gibi kullanlcl olan d\u0131\u015f pazarlarda Mahkam \u015firket ive \u00fcr\u00fcnlerinin tan\u0131nmas\u0131na sebep olmu\u015ftur. Kesik ta\u015f, yap\u0131 ve yaoay ta\u015f \u00fcr\u00fcnlerinin daimi sergisi ve sat\u0131\u015f mekan\u0131 olarak sat\u0131\u015f ofisi, Tahran&#8217;da kolay eri\u015fimi ile hizmet vermeye ve sipari\u015f almaya haz\u0131rd\u0131r.<\/p>\n<p>Madene en yak\u0131n kara s\u0131n\u0131r\u0131n mesafesi:<\/p>\n<p>Madenin Bandar Abbas&#8217;a mesafesi:<\/p>\n<p>Madene en Yak\u0131n tren istasyonunun mesafesi:<\/p>\n<p>Madenin Asfalt Yoluna Mesafesi:<\/p>\n<div style=\"width: 640px;\" class=\"wp-video\"><video class=\"wp-video-shortcode\" id=\"video-144-1\" width=\"640\" height=\"360\" preload=\"metadata\" controls=\"controls\"><source type=\"video\/mp4\" src=\"https:\/\/kanimahkam.com\/seydsalehi\/wp-content\/uploads\/video2.mp4?_=1\" \/><a href=\"https:\/\/kanimahkam.com\/seydsalehi\/wp-content\/uploads\/video2.mp4\">https:\/\/kanimahkam.com\/seydsalehi\/wp-content\/uploads\/video2.mp4<\/a><\/video><\/div>\n","protected":false},"excerpt":{"rendered":"Kiyan Kanyar Mehkam \u015e ki Mehkam Madeninin i\u015fletmecisidir, 2016 y\u0131l\u0131nda 1300000 Ton depo ile ta\u015f mermerit ta\u015f\u0131 ke\u015ffi ve ekstraksiyonu hedefiyle i\u015fe ba\u015flad\u0131. Mehkam Madeni \u0130sfahan il, ve Hur ve Biyababek kasabalar\u0131n\u0131n yak\u0131nlar\u0131nda bulunmaktad\u0131r. Bu \u015firket, Madencilik sekt\u00f6r\u00fcnde, \u00f6zellikle dekoratif ta\u015flarda zengin bir ge\u00e7mi\u015fe sahip olan ilk ve tek sert mermer kahverengi ta\u015f i\u015fletmecisi olan","protected":false},"author":1,"featured_media":0,"parent":0,"menu_order":0,"comment_status":"closed","ping_status":"closed","template":"","meta":{"footnotes":""},"class_list":["post-144","page","type-page","status-publish","hentry"],"_links":{"self":[{"href":"https:\/\/kanimahkam.com\/tr\/wp-json\/wp\/v2\/pages\/144","targetHints":{"allow":["GET"]}}],"collection":[{"href":"https:\/\/kanimahkam.com\/tr\/wp-json\/wp\/v2\/pages"}],"about":[{"href":"https:\/\/kanimahkam.com\/tr\/wp-json\/wp\/v2\/types\/page"}],"author":[{"embeddable":true,"href":"https:\/\/kanimahkam.com\/tr\/wp-json\/wp\/v2\/users\/1"}],"replies":[{"embeddable":true,"href":"https:\/\/kanimahkam.com\/tr\/wp-json\/wp\/v2\/comments?post=144"}],"version-history":[{"count":3,"href":"https:\/\/kanimahkam.com\/tr\/wp-json\/wp\/v2\/pages\/144\/revisions"}],"predecessor-version":[{"id":189,"href":"https:\/\/kanimahkam.com\/tr\/wp-json\/wp\/v2\/pages\/144\/revisions\/189"}],"wp:attachment":[{"href":"https:\/\/kanimahkam.com\/tr\/wp-json\/wp\/v2\/media?parent=144"}],"curies":[{"name":"wp","href":"https:\/\/api.w.org\/{rel}","templated":true}]}}